{"id":11306,"date":"2017-05-26T09:57:24","date_gmt":"2017-05-26T07:57:24","guid":{"rendered":"https:\/\/oratech-et.fr\/?page_id=11306"},"modified":"2023-06-14T16:54:06","modified_gmt":"2023-06-14T14:54:06","slug":"nuclear","status":"publish","type":"page","link":"https:\/\/oratech-et.fr\/en\/our-markets\/nuclear\/","title":{"rendered":"Nuclear"},"content":{"rendered":"<div class=\"wpb-content-wrapper\"><p>[vc_row][vc_column][vc_column_text]<\/p>\n<h2>Nuclear machining, toolings and precision mechanics<\/h2>\n<p>Our know-how in precision machining is particularly suited to the Nuclear industry. Our resources, quality procedures, as well as our material and qualifications traceability fully meet the requirements of the contractors in this sector.<\/p>\n<p>Whatever the materials used: steel, stainless steel, titanium, Inconel, we ensure precision machining for your parts and sub-assemblies, small series, prototypes, large sizes and complex geometry.[\/vc_column_text][vc_column_text]In addition to our ISO9001 certification guaranteeing uncompromising quality management, our policy of continuous improvement and our desire for high customer satisfaction, all our products and services also fulfill the rules published by the AFCEN* in their RCC-M construction code (Rules for the design and construction of mechanical equipment for PWR nuclear islands.[\/vc_column_text][\/vc_column][\/vc_row][vc_row][vc_column][vc_column_text]<strong>Discover our dedicated services for the nuclear market:<\/strong><\/p>\n<ul>\n<li>Composite and metal machining<\/li>\n<li>Handling, assembly, and transport equipment<\/li>\n<li>Design office, metrology, assembly and adjustment services<\/li>\n<\/ul>\n<p>[\/vc_column_text][\/vc_column][\/vc_row][vc_row][vc_column][vc_column_text]<strong>Some examples of machined parts and tools made for the nuclear market:<\/strong> core barrel handling tools, etc.<\/p>\n<p>[\/vc_column_text][vc_empty_space height=&#8221;20px&#8221;][vc_column_text]<span style=\"font-size: 0.8em;\">*AFCEN :\u00a0Association Fran\u00e7aise pour les r\u00e8gles de Conception, de construction et de surveillance en exploitation des mat\u00e9riels des Chaudi\u00e8res Electro Nucl\u00e9aires<\/span>[\/vc_column_text][vc_empty_space][\/vc_column][\/vc_row]<\/p>\n<\/div>","protected":false},"excerpt":{"rendered":"<p>[vc_row][vc_column][vc_column_text] Nuclear machining, toolings and precision mechanics Our know-how in precision machining is particularly suited to the Nuclear industry. Our resources, quality procedures, as well as our material and qualifications&hellip;<\/p>\n","protected":false},"author":1,"featured_media":12664,"parent":11303,"menu_order":0,"comment_status":"closed","ping_status":"closed","template":"","meta":{"_acf_changed":false,"footnotes":""},"class_list":["post-11306","page","type-page","status-publish","has-post-thumbnail","hentry"],"acf":[],"yoast_head":"<title>Nuclear machining, toolings and precision mechanics | ORATECH<\/title>\n<meta name=\"description\" content=\"ORATECH offers its services in nuclear machining, composite and metal parts, handling, transport and assembly tools, etc.\" \/>\n<meta name=\"robots\" content=\"index, follow, max-snippet:-1, max-image-preview:large, max-video-preview:-1\" \/>\n<link rel=\"canonical\" href=\"https:\/\/oratech-et.fr\/en\/our-markets\/nuclear\/\" \/>\n<meta property=\"og:locale\" content=\"en_US\" \/>\n<meta property=\"og:type\" content=\"article\" \/>\n<meta property=\"og:title\" content=\"Nuclear machining, toolings and precision mechanics | ORATECH\" \/>\n<meta property=\"og:description\" content=\"ORATECH offers its services in nuclear machining, composite and metal parts, handling, transport and assembly tools, etc.\" \/>\n<meta property=\"og:url\" content=\"https:\/\/oratech-et.fr\/en\/our-markets\/nuclear\/\" \/>\n<meta property=\"og:site_name\" content=\"ORATECH\" \/>\n<meta property=\"article:modified_time\" content=\"2023-06-14T14:54:06+00:00\" \/>\n<meta property=\"og:image\" content=\"https:\/\/oratech-et.fr\/wp-content\/uploads\/sites\/4\/2017\/05\/Nucl\u00c7aire.jpg\" \/>\n\t<meta property=\"og:image:width\" content=\"2000\" \/>\n\t<meta property=\"og:image:height\" content=\"1500\" \/>\n\t<meta property=\"og:image:type\" content=\"image\/jpeg\" \/>\n<meta name=\"twitter:card\" content=\"summary_large_image\" \/>\n<meta name=\"twitter:site\" content=\"@EuropeTechno\" \/>\n<meta name=\"twitter:label1\" content=\"Est. reading time\" \/>\n\t<meta name=\"twitter:data1\" content=\"1 minute\" \/>\n<script type=\"application\/ld+json\" class=\"yoast-schema-graph\">{\"@context\":\"https:\\\/\\\/schema.org\",\"@graph\":[{\"@type\":\"WebPage\",\"@id\":\"https:\\\/\\\/oratech-et.fr\\\/en\\\/our-markets\\\/nuclear\\\/\",\"url\":\"https:\\\/\\\/oratech-et.fr\\\/en\\\/our-markets\\\/nuclear\\\/\",\"name\":\"Nuclear machining, toolings and precision mechanics | ORATECH\",\"isPartOf\":{\"@id\":\"https:\\\/\\\/oratech-et.fr\\\/#website\"},\"primaryImageOfPage\":{\"@id\":\"https:\\\/\\\/oratech-et.fr\\\/en\\\/our-markets\\\/nuclear\\\/#primaryimage\"},\"image\":{\"@id\":\"https:\\\/\\\/oratech-et.fr\\\/en\\\/our-markets\\\/nuclear\\\/#primaryimage\"},\"thumbnailUrl\":\"https:\\\/\\\/oratech-et.fr\\\/wp-content\\\/uploads\\\/sites\\\/4\\\/2017\\\/05\\\/Nucl\u00c7aire.jpg\",\"datePublished\":\"2017-05-26T07:57:24+00:00\",\"dateModified\":\"2023-06-14T14:54:06+00:00\",\"description\":\"ORATECH offers its services in nuclear machining, composite and metal parts, handling, transport and assembly tools, etc.\",\"breadcrumb\":{\"@id\":\"https:\\\/\\\/oratech-et.fr\\\/en\\\/our-markets\\\/nuclear\\\/#breadcrumb\"},\"inLanguage\":\"en-US\",\"potentialAction\":[{\"@type\":\"ReadAction\",\"target\":[\"https:\\\/\\\/oratech-et.fr\\\/en\\\/our-markets\\\/nuclear\\\/\"]}]},{\"@type\":\"ImageObject\",\"inLanguage\":\"en-US\",\"@id\":\"https:\\\/\\\/oratech-et.fr\\\/en\\\/our-markets\\\/nuclear\\\/#primaryimage\",\"url\":\"https:\\\/\\\/oratech-et.fr\\\/wp-content\\\/uploads\\\/sites\\\/4\\\/2017\\\/05\\\/Nucl\u00c7aire.jpg\",\"contentUrl\":\"https:\\\/\\\/oratech-et.fr\\\/wp-content\\\/uploads\\\/sites\\\/4\\\/2017\\\/05\\\/Nucl\u00c7aire.jpg\",\"width\":2000,\"height\":1500,\"caption\":\"nuclear machining\"},{\"@type\":\"BreadcrumbList\",\"@id\":\"https:\\\/\\\/oratech-et.fr\\\/en\\\/our-markets\\\/nuclear\\\/#breadcrumb\",\"itemListElement\":[{\"@type\":\"ListItem\",\"position\":1,\"name\":\"Home\",\"item\":\"https:\\\/\\\/oratech-et.fr\\\/en\\\/\"},{\"@type\":\"ListItem\",\"position\":2,\"name\":\"Our markets\",\"item\":\"https:\\\/\\\/oratech-et.fr\\\/en\\\/our-markets\\\/\"},{\"@type\":\"ListItem\",\"position\":3,\"name\":\"Nuclear\"}]},{\"@type\":\"WebSite\",\"@id\":\"https:\\\/\\\/oratech-et.fr\\\/#website\",\"url\":\"https:\\\/\\\/oratech-et.fr\\\/\",\"name\":\"ORATECH\",\"description\":\"\",\"potentialAction\":[{\"@type\":\"SearchAction\",\"target\":{\"@type\":\"EntryPoint\",\"urlTemplate\":\"https:\\\/\\\/oratech-et.fr\\\/?s={search_term_string}\"},\"query-input\":{\"@type\":\"PropertyValueSpecification\",\"valueRequired\":true,\"valueName\":\"search_term_string\"}}],\"inLanguage\":\"en-US\"}]}<\/script>","yoast_head_json":{"title":"Nuclear machining, toolings and precision mechanics | ORATECH","description":"ORATECH offers its services in nuclear machining, composite and metal parts, handling, transport and assembly tools, etc.","robots":{"index":"index","follow":"follow","max-snippet":"max-snippet:-1","max-image-preview":"max-image-preview:large","max-video-preview":"max-video-preview:-1"},"canonical":"https:\/\/oratech-et.fr\/en\/our-markets\/nuclear\/","og_locale":"en_US","og_type":"article","og_title":"Nuclear machining, toolings and precision mechanics | ORATECH","og_description":"ORATECH offers its services in nuclear machining, composite and metal parts, handling, transport and assembly tools, etc.","og_url":"https:\/\/oratech-et.fr\/en\/our-markets\/nuclear\/","og_site_name":"ORATECH","article_modified_time":"2023-06-14T14:54:06+00:00","og_image":[{"width":2000,"height":1500,"url":"https:\/\/oratech-et.fr\/wp-content\/uploads\/sites\/4\/2017\/05\/Nucl\u00c7aire.jpg","type":"image\/jpeg"}],"twitter_card":"summary_large_image","twitter_site":"@EuropeTechno","twitter_misc":{"Est. reading time":"1 minute"},"schema":{"@context":"https:\/\/schema.org","@graph":[{"@type":"WebPage","@id":"https:\/\/oratech-et.fr\/en\/our-markets\/nuclear\/","url":"https:\/\/oratech-et.fr\/en\/our-markets\/nuclear\/","name":"Nuclear machining, toolings and precision mechanics | ORATECH","isPartOf":{"@id":"https:\/\/oratech-et.fr\/#website"},"primaryImageOfPage":{"@id":"https:\/\/oratech-et.fr\/en\/our-markets\/nuclear\/#primaryimage"},"image":{"@id":"https:\/\/oratech-et.fr\/en\/our-markets\/nuclear\/#primaryimage"},"thumbnailUrl":"https:\/\/oratech-et.fr\/wp-content\/uploads\/sites\/4\/2017\/05\/Nucl\u00c7aire.jpg","datePublished":"2017-05-26T07:57:24+00:00","dateModified":"2023-06-14T14:54:06+00:00","description":"ORATECH offers its services in nuclear machining, composite and metal parts, handling, transport and assembly tools, etc.","breadcrumb":{"@id":"https:\/\/oratech-et.fr\/en\/our-markets\/nuclear\/#breadcrumb"},"inLanguage":"en-US","potentialAction":[{"@type":"ReadAction","target":["https:\/\/oratech-et.fr\/en\/our-markets\/nuclear\/"]}]},{"@type":"ImageObject","inLanguage":"en-US","@id":"https:\/\/oratech-et.fr\/en\/our-markets\/nuclear\/#primaryimage","url":"https:\/\/oratech-et.fr\/wp-content\/uploads\/sites\/4\/2017\/05\/Nucl\u00c7aire.jpg","contentUrl":"https:\/\/oratech-et.fr\/wp-content\/uploads\/sites\/4\/2017\/05\/Nucl\u00c7aire.jpg","width":2000,"height":1500,"caption":"nuclear machining"},{"@type":"BreadcrumbList","@id":"https:\/\/oratech-et.fr\/en\/our-markets\/nuclear\/#breadcrumb","itemListElement":[{"@type":"ListItem","position":1,"name":"Home","item":"https:\/\/oratech-et.fr\/en\/"},{"@type":"ListItem","position":2,"name":"Our markets","item":"https:\/\/oratech-et.fr\/en\/our-markets\/"},{"@type":"ListItem","position":3,"name":"Nuclear"}]},{"@type":"WebSite","@id":"https:\/\/oratech-et.fr\/#website","url":"https:\/\/oratech-et.fr\/","name":"ORATECH","description":"","potentialAction":[{"@type":"SearchAction","target":{"@type":"EntryPoint","urlTemplate":"https:\/\/oratech-et.fr\/?s={search_term_string}"},"query-input":{"@type":"PropertyValueSpecification","valueRequired":true,"valueName":"search_term_string"}}],"inLanguage":"en-US"}]}},"_links":{"self":[{"href":"https:\/\/oratech-et.fr\/en\/wp-json\/wp\/v2\/pages\/11306","targetHints":{"allow":["GET"]}}],"collection":[{"href":"https:\/\/oratech-et.fr\/en\/wp-json\/wp\/v2\/pages"}],"about":[{"href":"https:\/\/oratech-et.fr\/en\/wp-json\/wp\/v2\/types\/page"}],"author":[{"embeddable":true,"href":"https:\/\/oratech-et.fr\/en\/wp-json\/wp\/v2\/users\/1"}],"replies":[{"embeddable":true,"href":"https:\/\/oratech-et.fr\/en\/wp-json\/wp\/v2\/comments?post=11306"}],"version-history":[{"count":5,"href":"https:\/\/oratech-et.fr\/en\/wp-json\/wp\/v2\/pages\/11306\/revisions"}],"predecessor-version":[{"id":13249,"href":"https:\/\/oratech-et.fr\/en\/wp-json\/wp\/v2\/pages\/11306\/revisions\/13249"}],"up":[{"embeddable":true,"href":"https:\/\/oratech-et.fr\/en\/wp-json\/wp\/v2\/pages\/11303"}],"wp:featuredmedia":[{"embeddable":true,"href":"https:\/\/oratech-et.fr\/en\/wp-json\/wp\/v2\/media\/12664"}],"wp:attachment":[{"href":"https:\/\/oratech-et.fr\/en\/wp-json\/wp\/v2\/media?parent=11306"}],"curies":[{"name":"wp","href":"https:\/\/api.w.org\/{rel}","templated":true}]}}