{"id":17505,"date":"2024-07-22T11:51:50","date_gmt":"2024-07-22T09:51:50","guid":{"rendered":"https:\/\/oratech-et.fr\/?page_id=17505"},"modified":"2024-07-22T11:55:02","modified_gmt":"2024-07-22T09:55:02","slug":"logistics","status":"publish","type":"page","link":"https:\/\/oratech-et.fr\/en\/our-markets\/logistics\/","title":{"rendered":"Logistics"},"content":{"rendered":"<div class=\"wpb-content-wrapper\"><p>[vc_row][vc_column][vc_column_text css=&#8221;&#8221;]<\/p>\n<h2>Logistics handling solution: zero gravity arm<\/h2>\n<p>The management, transport and storage of goods define the logistics market. It includes many activities, from receiving raw materials to delivering finished products to consumers. Logistics plays a central position in the supply chain, having a direct impact on the efficiency of companies and the satisfaction of their end customers.<\/p>\n<p>This is a fast-growing sector, driven by the increase of e-commerce, the globalisation of trade and technological innovation. Companies in this sector are always looking to optimise their operations to become more competitive.<\/p>\n<p><span style=\"font-size: 1.1em;\"><strong><span style=\"color: #cd5b1b;\">The <a style=\"color: #cd5b1b;\" href=\"https:\/\/oratech-et.fr\/moyens-industriels\/bras-de-manutention\/bras-zero-gravite\/\"><u>zero gravity arm<\/u><\/a> is a solution for reducing arduous work in logistics warehouses. It assists operators at their workstations in handling loads, thus preventing awkward postures and MSD.<\/span><\/strong><\/span>[\/vc_column_text][\/vc_column][\/vc_row][vc_row][vc_column][vc_column_text css=&#8221;&#8221;]<\/p>\n<h3>Manual handling and MSD: major challenges for the logistics sector<\/h3>\n<p>Logistics professions have to deal with several major challenges, in particular musculoskeletal disorders (MSDs), <strong>difficult working postures and the handling of heavy loads<\/strong>. These problems have major repercussions on the <strong>health of operators<\/strong> and the productivity of companies.[\/vc_column_text][vc_row_inner content_placement=&#8221;top&#8221; gap=&#8221;30&#8243;][vc_column_inner width=&#8221;1\/3&#8243;][vc_single_image image=&#8221;17506&#8243; img_size=&#8221;100&#215;100&#8243; alignment=&#8221;center&#8221; css=&#8221;&#8221;][vc_column_text css=&#8221;&#8221;]<\/p>\n<p style=\"text-align: center;\"><span style=\"color: #2f3787;\"><strong>Musculoskeletal disorders:<\/strong><\/span><\/p>\n<p style=\"text-align: center;\">Repetitive movements, excessive effort and awkward postures can lead to musculoskeletal pain and injury.<\/p>\n<p>[\/vc_column_text][\/vc_column_inner][vc_column_inner width=&#8221;1\/3&#8243;][vc_single_image image=&#8221;17494&#8243; img_size=&#8221;100&#215;100&#8243; alignment=&#8221;center&#8221; css=&#8221;&#8221;][vc_column_text css=&#8221;&#8221;]<\/p>\n<p style=\"text-align: center;\"><span style=\"color: #2f3787;\"><strong>Working posture:<\/strong><br \/>\n<\/span>Logistics operators are often required to work in uncomfortable positions, whether handling objects at height, leaning or turning frequently. These postures can result in tension and pain.<\/p>\n<p>[\/vc_column_text][\/vc_column_inner][vc_column_inner width=&#8221;1\/3&#8243;][vc_single_image image=&#8221;17496&#8243; img_size=&#8221;100&#215;100&#8243; alignment=&#8221;center&#8221; css=&#8221;&#8221;][vc_column_text css=&#8221;&#8221;]<\/p>\n<p style=\"text-align: center;\"><span style=\"color: #2f3787;\"><strong>Manual handling heavy loads:<br \/>\n<\/strong><\/span>Manual handling of heavy loads is common in the logistics sector. There is a high risk of injury, including lower back pain and other back problems.<\/p>\n<p>[\/vc_column_text][\/vc_column_inner][\/vc_row_inner][\/vc_column][\/vc_row][vc_row][vc_column][vc_column_text css=&#8221;&#8221;]<\/p>\n<h3>Handling solutions: Zero gravity arms<\/h3>\n<p>To address these challenges and improve working conditions in the logistics sector, ORATECH offers manual handling assistance solutions, including the zero-gravity arm.[\/vc_column_text][vc_custom_heading text=&#8221;Discover the GRAVIT-X\u00ae, a zero-gravity arm for handling and manipulating tools.&#8221; font_container=&#8221;tag:p|font_size:25|text_align:left|color:%23cd5b1b|line_height:1%2C2&#8243; google_fonts=&#8221;font_family:Raleway%3A100%2C200%2C300%2Cregular%2C500%2C600%2C700%2C800%2C900|font_style:600%20bold%20regular%3A600%3Anormal&#8221; css=&#8221;&#8221; link=&#8221;url:https%3A%2F%2Foratech-et.fr%2Fmoyens-industriels%2Fbras-de-manutention%2Fbras-zero-gravite%2F|target:_blank&#8221;][vc_empty_space][vc_row_inner content_placement=&#8221;middle&#8221;][vc_column_inner width=&#8221;2\/3&#8243;][vc_column_text css=&#8221;&#8221;]<span style=\"font-size: 1.1em; color: #cd5b1b;\"><strong><b>\u2022 <\/b>Reduced physical effort:<\/strong><br \/>\n<\/span>The zero gravity arm makes it easy to handle heavy loads, reducing the physical effort required and preventing the risk of MSD.[\/vc_column_text][vc_column_text css=&#8221;&#8221;]<span style=\"font-size: 1.1em; color: #cd5b1b;\"><strong><b>\u2022 Improved posture<\/b>:<\/strong><br \/>\n<\/span>By supporting the weight of the objects being handled, the zero gravity arm helps operators to maintain an ergonomic posture, reducing stress on the body and the risk of musculoskeletal pain.[\/vc_column_text][vc_column_text css=&#8221;&#8221;]<span style=\"font-size: 1.1em; color: #cd5b1b;\"><strong><b>\u2022\u00a0<\/b>Augmentation de la productivit\u00e9 :<\/strong><br \/>\n<\/span>En facilitant la manipulation des charges, les bras z\u00e9ro gravit\u00e9 augmentent la rapidit\u00e9 et l&#8217;efficacit\u00e9 des op\u00e9rations logistiques.[\/vc_column_text][vc_column_text css=&#8221;&#8221;]<span style=\"font-size: 1.1em; color: #cd5b1b;\"><strong><b>\u2022 Increased productivity:<\/b><\/strong><br \/>\n<\/span>By simplifying load handling, zero gravity arms increase the speed and efficiency of logistics operations.[\/vc_column_text][vc_column_text css=&#8221;&#8221;]<span style=\"font-size: 1.1em; color: #cd5b1b;\"><strong><b>\u2022 Increased safety<\/b>:<\/strong><br \/>\n<\/span>By reducing the risk of injury from carrying heavy loads and awkward postures, the zero gravity arm helps to create a safer working environment.[\/vc_column_text][\/vc_column_inner][vc_column_inner width=&#8221;1\/3&#8243;]<div class=\"ult-content-box-container \" >\t<a class=\"ult-content-box-anchor\" href=\"https:\/\/oratech-et.fr\/telechargements\/\" title=\"T\u00e9l\u00e9chargements\" target=\"_blank\" rel=\"noopener\" >\t\t<div class=\"ult-content-box\" style=\"background-color:rgba(0,157,224,0.15);box-shadow: px px px px none;padding:15px;margin:10px;min-height:250px;-webkit-transition: all 700ms ease;-moz-transition: all 700ms ease;-ms-transition: all 700ms ease;-o-transition: all 700ms ease;transition: all 700ms ease;\"  data-hover_bg_color=\"rgba(205,91,27,0.15)\"  data-hover_box_shadow=\"none\"    data-normal_margins=\"margin:10px;\"   data-bg=\"rgba(0,157,224,0.15)\" >[vc_column_text css=&#8221;&#8221;]<\/p>\n<p style=\"text-align: center;\"><strong><span style=\"color: #2f3787; font-size: 1.1em;\">Would you like to find out more about our logistics handling solution? <\/span><\/strong><\/p>\n<p>[\/vc_column_text][vc_single_image image=&#8221;17355&#8243; img_size=&#8221;150&#215;212&#8243; alignment=&#8221;center&#8221; css=&#8221;&#8221;][vc_btn title=&#8221;I download the dedicated flyer!&#8221; style=&#8221;custom&#8221; custom_background=&#8221;#cd5b1b&#8221; custom_text=&#8221;#ffffff&#8221; align=&#8221;center&#8221; i_icon_fontawesome=&#8221;fas fa-file-download&#8221; css=&#8221;&#8221; add_icon=&#8221;true&#8221;][vc_column_text css=&#8221;&#8221;]<\/p>\n<p style=\"text-align: center;\"><span style=\"color: #2f3787;\"><em><span style=\"font-size: 0.8em;\">The flyer is only available in French<\/span><\/em><\/span><\/p>\n<p>[\/vc_column_text]\t\t<\/div>\t<\/a><\/div>[\/vc_column_inner][\/vc_row_inner][\/vc_column][\/vc_row][vc_row][vc_column][vc_empty_space height=&#8221;64px&#8221;][\/vc_column][\/vc_row]<\/p>\n<\/div>","protected":false},"excerpt":{"rendered":"<p>[vc_row][vc_column][vc_column_text css=&#8221;&#8221;] Logistics handling solution: zero gravity arm The management, transport and storage of goods define the logistics market. It includes many activities, from receiving raw materials to delivering finished&hellip;<\/p>\n","protected":false},"author":2,"featured_media":17498,"parent":11303,"menu_order":0,"comment_status":"closed","ping_status":"closed","template":"","meta":{"_acf_changed":false,"footnotes":""},"class_list":["post-17505","page","type-page","status-publish","has-post-thumbnail","hentry"],"acf":[],"yoast_head":"<title>Logistics - ORATECH<\/title>\n<meta name=\"robots\" content=\"index, follow, max-snippet:-1, max-image-preview:large, max-video-preview:-1\" \/>\n<link rel=\"canonical\" href=\"https:\/\/oratech-et.fr\/en\/our-markets\/logistics\/\" \/>\n<meta property=\"og:locale\" content=\"en_US\" \/>\n<meta property=\"og:type\" content=\"article\" \/>\n<meta property=\"og:title\" content=\"Logistics - ORATECH\" \/>\n<meta property=\"og:description\" content=\"[vc_row][vc_column][vc_column_text css=&#8221;&#8221;] Logistics handling solution: zero gravity arm The management, transport and storage of goods define the logistics market. It includes many activities, from receiving raw materials to delivering finished&hellip;\" \/>\n<meta property=\"og:url\" content=\"https:\/\/oratech-et.fr\/en\/our-markets\/logistics\/\" \/>\n<meta property=\"og:site_name\" content=\"ORATECH\" \/>\n<meta property=\"article:modified_time\" content=\"2024-07-22T09:55:02+00:00\" \/>\n<meta property=\"og:image\" content=\"https:\/\/oratech-et.fr\/wp-content\/uploads\/sites\/4\/marche-de-la-logistique.jpg\" \/>\n\t<meta property=\"og:image:width\" content=\"2000\" \/>\n\t<meta property=\"og:image:height\" content=\"800\" \/>\n\t<meta property=\"og:image:type\" content=\"image\/jpeg\" \/>\n<meta name=\"twitter:card\" content=\"summary_large_image\" \/>\n<meta name=\"twitter:site\" content=\"@EuropeTechno\" \/>\n<meta name=\"twitter:label1\" content=\"Est. reading time\" \/>\n\t<meta name=\"twitter:data1\" content=\"4 minutes\" \/>\n<script type=\"application\/ld+json\" class=\"yoast-schema-graph\">{\"@context\":\"https:\\\/\\\/schema.org\",\"@graph\":[{\"@type\":\"WebPage\",\"@id\":\"https:\\\/\\\/oratech-et.fr\\\/en\\\/our-markets\\\/logistics\\\/\",\"url\":\"https:\\\/\\\/oratech-et.fr\\\/en\\\/our-markets\\\/logistics\\\/\",\"name\":\"Logistics - ORATECH\",\"isPartOf\":{\"@id\":\"https:\\\/\\\/oratech-et.fr\\\/#website\"},\"primaryImageOfPage\":{\"@id\":\"https:\\\/\\\/oratech-et.fr\\\/en\\\/our-markets\\\/logistics\\\/#primaryimage\"},\"image\":{\"@id\":\"https:\\\/\\\/oratech-et.fr\\\/en\\\/our-markets\\\/logistics\\\/#primaryimage\"},\"thumbnailUrl\":\"https:\\\/\\\/oratech-et.fr\\\/wp-content\\\/uploads\\\/sites\\\/4\\\/marche-de-la-logistique.jpg\",\"datePublished\":\"2024-07-22T09:51:50+00:00\",\"dateModified\":\"2024-07-22T09:55:02+00:00\",\"breadcrumb\":{\"@id\":\"https:\\\/\\\/oratech-et.fr\\\/en\\\/our-markets\\\/logistics\\\/#breadcrumb\"},\"inLanguage\":\"en-US\",\"potentialAction\":[{\"@type\":\"ReadAction\",\"target\":[\"https:\\\/\\\/oratech-et.fr\\\/en\\\/our-markets\\\/logistics\\\/\"]}]},{\"@type\":\"ImageObject\",\"inLanguage\":\"en-US\",\"@id\":\"https:\\\/\\\/oratech-et.fr\\\/en\\\/our-markets\\\/logistics\\\/#primaryimage\",\"url\":\"https:\\\/\\\/oratech-et.fr\\\/wp-content\\\/uploads\\\/sites\\\/4\\\/marche-de-la-logistique.jpg\",\"contentUrl\":\"https:\\\/\\\/oratech-et.fr\\\/wp-content\\\/uploads\\\/sites\\\/4\\\/marche-de-la-logistique.jpg\",\"width\":2000,\"height\":800,\"caption\":\"Manutention et port de charge secteur de la logistique - ORATECH\"},{\"@type\":\"BreadcrumbList\",\"@id\":\"https:\\\/\\\/oratech-et.fr\\\/en\\\/our-markets\\\/logistics\\\/#breadcrumb\",\"itemListElement\":[{\"@type\":\"ListItem\",\"position\":1,\"name\":\"Home\",\"item\":\"https:\\\/\\\/oratech-et.fr\\\/en\\\/\"},{\"@type\":\"ListItem\",\"position\":2,\"name\":\"Our markets\",\"item\":\"https:\\\/\\\/oratech-et.fr\\\/en\\\/our-markets\\\/\"},{\"@type\":\"ListItem\",\"position\":3,\"name\":\"Logistics\"}]},{\"@type\":\"WebSite\",\"@id\":\"https:\\\/\\\/oratech-et.fr\\\/#website\",\"url\":\"https:\\\/\\\/oratech-et.fr\\\/\",\"name\":\"ORATECH\",\"description\":\"\",\"potentialAction\":[{\"@type\":\"SearchAction\",\"target\":{\"@type\":\"EntryPoint\",\"urlTemplate\":\"https:\\\/\\\/oratech-et.fr\\\/?s={search_term_string}\"},\"query-input\":{\"@type\":\"PropertyValueSpecification\",\"valueRequired\":true,\"valueName\":\"search_term_string\"}}],\"inLanguage\":\"en-US\"}]}<\/script>","yoast_head_json":{"title":"Logistics - ORATECH","robots":{"index":"index","follow":"follow","max-snippet":"max-snippet:-1","max-image-preview":"max-image-preview:large","max-video-preview":"max-video-preview:-1"},"canonical":"https:\/\/oratech-et.fr\/en\/our-markets\/logistics\/","og_locale":"en_US","og_type":"article","og_title":"Logistics - ORATECH","og_description":"[vc_row][vc_column][vc_column_text css=&#8221;&#8221;] Logistics handling solution: zero gravity arm The management, transport and storage of goods define the logistics market. It includes many activities, from receiving raw materials to delivering finished&hellip;","og_url":"https:\/\/oratech-et.fr\/en\/our-markets\/logistics\/","og_site_name":"ORATECH","article_modified_time":"2024-07-22T09:55:02+00:00","og_image":[{"width":2000,"height":800,"url":"https:\/\/oratech-et.fr\/wp-content\/uploads\/sites\/4\/marche-de-la-logistique.jpg","type":"image\/jpeg"}],"twitter_card":"summary_large_image","twitter_site":"@EuropeTechno","twitter_misc":{"Est. reading time":"4 minutes"},"schema":{"@context":"https:\/\/schema.org","@graph":[{"@type":"WebPage","@id":"https:\/\/oratech-et.fr\/en\/our-markets\/logistics\/","url":"https:\/\/oratech-et.fr\/en\/our-markets\/logistics\/","name":"Logistics - ORATECH","isPartOf":{"@id":"https:\/\/oratech-et.fr\/#website"},"primaryImageOfPage":{"@id":"https:\/\/oratech-et.fr\/en\/our-markets\/logistics\/#primaryimage"},"image":{"@id":"https:\/\/oratech-et.fr\/en\/our-markets\/logistics\/#primaryimage"},"thumbnailUrl":"https:\/\/oratech-et.fr\/wp-content\/uploads\/sites\/4\/marche-de-la-logistique.jpg","datePublished":"2024-07-22T09:51:50+00:00","dateModified":"2024-07-22T09:55:02+00:00","breadcrumb":{"@id":"https:\/\/oratech-et.fr\/en\/our-markets\/logistics\/#breadcrumb"},"inLanguage":"en-US","potentialAction":[{"@type":"ReadAction","target":["https:\/\/oratech-et.fr\/en\/our-markets\/logistics\/"]}]},{"@type":"ImageObject","inLanguage":"en-US","@id":"https:\/\/oratech-et.fr\/en\/our-markets\/logistics\/#primaryimage","url":"https:\/\/oratech-et.fr\/wp-content\/uploads\/sites\/4\/marche-de-la-logistique.jpg","contentUrl":"https:\/\/oratech-et.fr\/wp-content\/uploads\/sites\/4\/marche-de-la-logistique.jpg","width":2000,"height":800,"caption":"Manutention et port de charge secteur de la logistique - ORATECH"},{"@type":"BreadcrumbList","@id":"https:\/\/oratech-et.fr\/en\/our-markets\/logistics\/#breadcrumb","itemListElement":[{"@type":"ListItem","position":1,"name":"Home","item":"https:\/\/oratech-et.fr\/en\/"},{"@type":"ListItem","position":2,"name":"Our markets","item":"https:\/\/oratech-et.fr\/en\/our-markets\/"},{"@type":"ListItem","position":3,"name":"Logistics"}]},{"@type":"WebSite","@id":"https:\/\/oratech-et.fr\/#website","url":"https:\/\/oratech-et.fr\/","name":"ORATECH","description":"","potentialAction":[{"@type":"SearchAction","target":{"@type":"EntryPoint","urlTemplate":"https:\/\/oratech-et.fr\/?s={search_term_string}"},"query-input":{"@type":"PropertyValueSpecification","valueRequired":true,"valueName":"search_term_string"}}],"inLanguage":"en-US"}]}},"_links":{"self":[{"href":"https:\/\/oratech-et.fr\/en\/wp-json\/wp\/v2\/pages\/17505","targetHints":{"allow":["GET"]}}],"collection":[{"href":"https:\/\/oratech-et.fr\/en\/wp-json\/wp\/v2\/pages"}],"about":[{"href":"https:\/\/oratech-et.fr\/en\/wp-json\/wp\/v2\/types\/page"}],"author":[{"embeddable":true,"href":"https:\/\/oratech-et.fr\/en\/wp-json\/wp\/v2\/users\/2"}],"replies":[{"embeddable":true,"href":"https:\/\/oratech-et.fr\/en\/wp-json\/wp\/v2\/comments?post=17505"}],"version-history":[{"count":0,"href":"https:\/\/oratech-et.fr\/en\/wp-json\/wp\/v2\/pages\/17505\/revisions"}],"up":[{"embeddable":true,"href":"https:\/\/oratech-et.fr\/en\/wp-json\/wp\/v2\/pages\/11303"}],"wp:featuredmedia":[{"embeddable":true,"href":"https:\/\/oratech-et.fr\/en\/wp-json\/wp\/v2\/media\/17498"}],"wp:attachment":[{"href":"https:\/\/oratech-et.fr\/en\/wp-json\/wp\/v2\/media?parent=17505"}],"curies":[{"name":"wp","href":"https:\/\/api.w.org\/{rel}","templated":true}]}}